{"id":765,"date":"2022-08-11T12:55:54","date_gmt":"2022-08-11T10:55:54","guid":{"rendered":"https:\/\/wordpress.frackowiak.fr\/wordpress\/?page_id=765"},"modified":"2022-08-11T14:12:22","modified_gmt":"2022-08-11T12:12:22","slug":"ceremonie-laique","status":"publish","type":"page","link":"https:\/\/wordpress.frackowiak.fr\/wordpress\/ceremonie-laique\/","title":{"rendered":"C\u00e9r\u00e9monie La\u00efque"},"content":{"rendered":"","protected":true},"excerpt":{"rendered":"","protected":true},"author":1,"featured_media":0,"parent":0,"menu_order":0,"comment_status":"open","ping_status":"closed","template":"elementor_theme","meta":[],"_links":{"self":[{"href":"https:\/\/wordpress.frackowiak.fr\/wordpress\/wp-json\/wp\/v2\/pages\/765"}],"collection":[{"href":"https:\/\/wordpress.frackowiak.fr\/wordpress\/wp-json\/wp\/v2\/pages"}],"about":[{"href":"https:\/\/wordpress.frackowiak.fr\/wordpress\/wp-json\/wp\/v2\/types\/page"}],"author":[{"embeddable":true,"href":"https:\/\/wordpress.frackowiak.fr\/wordpress\/wp-json\/wp\/v2\/users\/1"}],"replies":[{"embeddable":true,"href":"https:\/\/wordpress.frackowiak.fr\/wordpress\/wp-json\/wp\/v2\/comments?post=765"}],"version-history":[{"count":3,"href":"https:\/\/wordpress.frackowiak.fr\/wordpress\/wp-json\/wp\/v2\/pages\/765\/revisions"}],"predecessor-version":[{"id":950,"href":"https:\/\/wordpress.frackowiak.fr\/wordpress\/wp-json\/wp\/v2\/pages\/765\/revisions\/950"}],"wp:attachment":[{"href":"https:\/\/wordpress.frackowiak.fr\/wordpress\/wp-json\/wp\/v2\/media?parent=765"}],"curies":[{"name":"wp","href":"https:\/\/api.w.org\/{rel}","templated":true}]}}